{"id":82,"date":"2020-01-10T12:11:53","date_gmt":"2020-01-10T12:11:53","guid":{"rendered":"http:\/\/m.stadtschulpflegschaft-iserlohn.de\/?page_id=82"},"modified":"2024-02-24T10:06:48","modified_gmt":"2024-02-24T10:06:48","slug":"schulen-in-iserlohn","status":"publish","type":"page","link":"https:\/\/www.stadtschulpflegschaft-iserlohn.de\/?page_id=82","title":{"rendered":"Schulen in Iserlohn"},"content":{"rendered":"\n<h3 class=\"wp-block-heading\"><strong>Die Stadt Iserlohn ist Tr\u00e4ger von:<\/strong><\/h3>\n\n\n\n<figure class=\"wp-block-table\"><table><tbody><tr><td class=\"has-text-align-center\" data-align=\"center\"><strong>13<\/strong><\/td><td class=\"has-text-align-left\" data-align=\"left\"> <a href=\"https:\/\/www.iserlohn.de\/leben-in-iserlohn\/schulen-bildung\/grundschulen\/\" target=\"_blank\" rel=\"noreferrer noopener\" aria-label=\"Grundschulen   (\u00f6ffnet in neuem Tab)\"><strong>Grundschulen <\/strong> <\/a><\/td><\/tr><tr><td class=\"has-text-align-center\" data-align=\"center\"><strong>2<\/strong><\/td><td class=\"has-text-align-left\" data-align=\"left\"> <a href=\"https:\/\/www.iserlohn.de\/leben-in-iserlohn\/schulen-bildung\/hauptschulen\/\" target=\"_blank\" rel=\"noreferrer noopener\" aria-label=\"Hauptschulen  (\u00f6ffnet in neuem Tab)\"><strong>Hauptschulen<\/strong> <\/a><\/td><\/tr><tr><td class=\"has-text-align-center\" data-align=\"center\"><strong>2<\/strong><\/td><td class=\"has-text-align-left\" data-align=\"left\"> <a href=\"https:\/\/www.iserlohn.de\/leben-in-iserlohn\/schulen-bildung\/foerderschulen\/\" target=\"_blank\" rel=\"noreferrer noopener\" aria-label=\"F\u00f6rderschulen  (\u00f6ffnet in neuem Tab)\"><strong>F\u00f6rderschulen<\/strong> <\/a><\/td><\/tr><tr><td class=\"has-text-align-center\" data-align=\"center\"><strong>2<\/strong><\/td><td class=\"has-text-align-left\" data-align=\"left\"> <a href=\"https:\/\/www.iserlohn.de\/leben-in-iserlohn\/schulen-bildung\/realschulen\/\" target=\"_blank\" rel=\"noreferrer noopener\" aria-label=\"Realschulen  (\u00f6ffnet in neuem Tab)\"><strong>Realschulen<\/strong> <\/a><\/td><\/tr><tr><td class=\"has-text-align-center\" data-align=\"center\"><strong>3<\/strong><\/td><td class=\"has-text-align-left\" data-align=\"left\"> <a href=\"https:\/\/www.iserlohn.de\/leben-in-iserlohn\/schulen-bildung\/gymnasien\/\" target=\"_blank\" rel=\"noreferrer noopener\" aria-label=\"Gymnasien  (\u00f6ffnet in neuem Tab)\"><strong>Gymnasien<\/strong> <\/a><\/td><\/tr><tr><td class=\"has-text-align-center\" data-align=\"center\"><strong>2<\/strong><\/td><td class=\"has-text-align-left\" data-align=\"left\"> <a href=\"https:\/\/www.iserlohn.de\/leben-in-iserlohn\/schulen-bildung\/gesamtschulen\/\" target=\"_blank\" rel=\"noreferrer noopener\" aria-label=\"Gesamtschulen  (\u00f6ffnet in neuem Tab)\"><strong>Gesamtschulen<\/strong> <\/a><\/td><\/tr><\/tbody><\/table><\/figure>\n\n\n\n<h4 class=\"wp-block-heading\"><a href=\"http:\/\/www.iserlohn.de\/leben-in-iserlohn\/schulen-bildung\/\" target=\"_blank\" rel=\"noreferrer noopener\"><strong>Link zur Seite &#8222;Schule &amp; Bildung&#8220; der Stadt iserlohn<\/strong><\/a>, wo Sie die Kontaktdaten f\u00fcr alle Schulen finden. Wegen des Hackerangriffs auf den st\u00e4dtischen IT Dienstleister, S\u00fcdwestfalen IT, ist die Seite aktuell nicht aufrufbar.<\/h4>\n","protected":false},"excerpt":{"rendered":"<p>Die Stadt Iserlohn ist Tr\u00e4ger von: 13 Grundschulen 2 Hauptschulen 2 F\u00f6rderschulen 2 Realschulen 3 Gymnasien 2 Gesamtschulen Link zur Seite &#8222;Schule &amp; Bildung&#8220; der Stadt iserlohn, wo Sie die &#8230;<\/p>\n","protected":false},"author":1,"featured_media":67,"parent":0,"menu_order":0,"comment_status":"closed","ping_status":"closed","template":"template-fullwidth.php","meta":{"footnotes":""},"class_list":["post-82","page","type-page","status-publish","has-post-thumbnail","hentry"],"_links":{"self":[{"href":"https:\/\/www.stadtschulpflegschaft-iserlohn.de\/index.php?rest_route=\/wp\/v2\/pages\/82","targetHints":{"allow":["GET"]}}],"collection":[{"href":"https:\/\/www.stadtschulpflegschaft-iserlohn.de\/index.php?rest_route=\/wp\/v2\/pages"}],"about":[{"href":"https:\/\/www.stadtschulpflegschaft-iserlohn.de\/index.php?rest_route=\/wp\/v2\/types\/page"}],"author":[{"embeddable":true,"href":"https:\/\/www.stadtschulpflegschaft-iserlohn.de\/index.php?rest_route=\/wp\/v2\/users\/1"}],"replies":[{"embeddable":true,"href":"https:\/\/www.stadtschulpflegschaft-iserlohn.de\/index.php?rest_route=%2Fwp%2Fv2%2Fcomments&post=82"}],"version-history":[{"count":12,"href":"https:\/\/www.stadtschulpflegschaft-iserlohn.de\/index.php?rest_route=\/wp\/v2\/pages\/82\/revisions"}],"predecessor-version":[{"id":243,"href":"https:\/\/www.stadtschulpflegschaft-iserlohn.de\/index.php?rest_route=\/wp\/v2\/pages\/82\/revisions\/243"}],"wp:featuredmedia":[{"embeddable":true,"href":"https:\/\/www.stadtschulpflegschaft-iserlohn.de\/index.php?rest_route=\/wp\/v2\/media\/67"}],"wp:attachment":[{"href":"https:\/\/www.stadtschulpflegschaft-iserlohn.de\/index.php?rest_route=%2Fwp%2Fv2%2Fmedia&parent=82"}],"curies":[{"name":"wp","href":"https:\/\/api.w.org\/{rel}","templated":true}]}}