{"id":60,"date":"2020-01-10T11:06:05","date_gmt":"2020-01-10T11:06:05","guid":{"rendered":"http:\/\/m.stadtschulpflegschaft-iserlohn.de\/?page_id=60"},"modified":"2022-05-19T23:26:37","modified_gmt":"2022-05-19T23:26:37","slug":"satzung","status":"publish","type":"page","link":"https:\/\/www.stadtschulpflegschaft-iserlohn.de\/?page_id=60","title":{"rendered":"Satzung vom 7.11.2019"},"content":{"rendered":"\n<p><\/p>\n\n\n\n<p><strong>\u00a7 1 \u2013 Name und Sitz<\/strong><\/p>\n\n\n\n<p>1.1\nDie Stadtschulpflegschaft Iserlohn ist der Zusammenschluss der\nElternvertretungen der Schulen im Stadtgebiet Iserlohn. \n<\/p>\n\n\n\n<p>1.2\nDie Stadtschulpflegschaft Iserlohn hat ihren Sitz in Iserlohn. Ihre\nAnschrift ist die der oder des jeweiligen Vorsitzenden. \n<\/p>\n\n\n\n<p><strong>\u00a7\n2 \u2013 Zweck und Aufgaben<\/strong><\/p>\n\n\n\n<p>Der\nZweck der Stadtschulpflegschaft Iserlohn besteht in:<\/p>\n\n\n\n<ol class=\"wp-block-list\"><li>der\n\tInformation der Eltern und Erziehungsberechtigten \u00fcber die\n\tIserlohner Schulpolitik im allgemeinen sowie schulpolitische und\n\tschulorganisatorische Ma\u00dfnahmen in Besonderem.\n\t<\/li><li>der\n\tBereitstellung eines Informations- und Diskussionsforums f\u00fcr die\n\tEltern und Erziehungsberechtigten der Sch\u00fclerinnen und Sch\u00fcler an\n\tden Iserlohner Schulen. \n\t\n\t<\/li><li>der\n\tGew\u00e4hrleistung der Mitsprache und Mitwirkung der Eltern und\n\tErziehungsberechtigten bei bildungspolitischen Entscheidungen sowie\n\tschulpolitischen und schulorganisatorischen Ma\u00dfnahmen vor Ort.\n\t<\/li><li>der\n\tVertretung der Stadtschulpflegschaft Iserlohn in \u00fcbergeordneten\n\tGremien (z.B. auf Landesebene oder auch in Zusammenschl\u00fcssen mit\n\tKreis- und Stadtschulpflegschaften). \n\t\n<\/li><\/ol>\n\n\n\n<p>Dieser\nZweck wird insbesondere verwirklicht durch:<\/p>\n\n\n\n<ul class=\"wp-block-list\"><li>die\n\tUnterst\u00fctzung und St\u00e4rkung der Elternvertreterinnen und -vertreter\n\tder einzelnen Schulen.\n\t<\/li><li>die\n\tOrganisation von gemeinsamen Informationsveranstaltungen und das\n\tErm\u00f6glichen von Erfahrungsaustausch. \n\t\n\t<\/li><li>die\n\tMitwirkung auf kommunaler Ebene bei schulpolitischen und\n\tschulorganisatorischen Entscheidungsprozessen.\n<\/li><\/ul>\n\n\n\n<p>Die\nAufgaben der Stadtschulpflegschaft ergeben sich aus dem gesetzlich\ngarantierten Recht der Eltern und Erziehungsberechtigten, an der\nGestaltung des Schulwesens mitzuwirken (\u00a7 72 SchG) und die\nInteressen der Sch\u00fclerinnen und Sch\u00fcler der Iserlohner Schulen zu\nvertreten (\u00a7 85.2 SchG).<\/p>\n\n\n\n<p>Die\nStadtschulpflegschaft Iserlohn wirkt schul- bzw.\nschulform\u00fcbergreifend und vertritt die Interessen der Eltern und\nErziehungsberechtigten f\u00fcr die Kinder und Jugendlichen in den\nIserlohner Schulen gegen\u00fcber dem Schultr\u00e4ger und den\nVerantwortlichen f\u00fcr Bildung in Politik und Verwaltung. \n<\/p>\n\n\n\n<p>Die\nStadtschulpflegschaft Iserlohn ist weltanschaulich neutral, politisch\nunabh\u00e4ngig und konfessionell nicht gebunden. Sie ist selbstlos t\u00e4tig\nund verfolgt keine eigenwirtschaftlichen Zwecke.<br><br><br>\n<\/p>\n\n\n\n<p> <strong>\u00a7\n3 \u2013 Aufbau und Zusammensetzung <\/strong>\n<\/p>\n\n\n\n<p>3.1\nDie Organe der Stadtschulpflegschaft sind die\nMitgliederversammlung und der Vorstand.<\/p>\n\n\n\n<p>3.2\nDie Mitgliederversammlung\nder Stadtschulpflegschaft Iserlohn ber\u00e4t und beschlie\u00dft \u00fcber alle\nAngelegenheiten, die ihr vom Vorstand oder aus ihrer Mitte vorgelegt\nwerden.<\/p>\n\n\n\n<p>3.2.1\nStimmberechtigte Mitglieder (\u201eDelegierte\u201c) sind\nVertreterinnen\/Vertreter der jeweiligen Schule in der Stadt Iserlohn,\ndie per Beschluss der Schulpflegschaft dazu legitimiert wurden;\nDelegierte k\u00f6nnen sowohl Mitglied der Schulpflegschaft sein als auch\ninteressierter Elternteil, auch wenn sie nicht in der jeweiligen\nSchulpflegschaft aktiv sind. Das Mandat der Delegierten endet\nvorzeitig, wenn sie das Amt niederlegen, nicht mehr der Elternschaft\nder Schule angeh\u00f6ren oder die Schulpflegschaft sie nicht mehr\nentsendet. \n<\/p>\n\n\n\n<p>3.2.2\nWahlmodalit\u00e4ten:<\/p>\n\n\n\n<p>Jede\nan einer Sitzung der Stadtschulpflegschaft teilnehmende Schule hat\neine Stimme. \n<\/p>\n\n\n\n<p>Bei\nAbstimmungen z\u00e4hlt die relative Mehrheit (\u00a7 64 SchG).<\/p>\n\n\n\n<p>Bei\nStimmengleichheit entscheidet die Stimme der\/des Vorsitzenden. \n<\/p>\n\n\n\n<p>Eine\nSatzungs\u00e4nderung bedarf der Mehrheit von drei Viertel der\nabgegebenen Stimmen.<\/p>\n\n\n\n<p>3.2.3\nG\u00e4ste d\u00fcrfen in Absprache mit dem Vorstand an den Versammlungen\nteilnehmen. Sie haben jedoch kein Stimmrecht. \n<\/p>\n\n\n\n<p>3.3\nDer Vorstand der Stadtschulpflegschaft Iserlohn f\u00fchrt die\nlaufenden Gesch\u00e4fte der Stadtschulpflegschaft Iserlohn und\nexekutiert die Beschl\u00fcsse der Versammlung der Stadtschulpflegschaft.\nDer Vorstand kann f\u00fcr bestimmte Angelegenheiten ein Mitglied der\nMitgliederversammlung mit der\nVertretung des\/der Vorsitzenden beauftragen. Der Vorstand nimmt an\nden Abstimmungen der Mitgliederversammlung mit einer Stimme teil; das\nStimmrecht wird von der\/vom Vorsitzenden ausge\u00fcbt, in ihrer\/seiner\nAbwesenheit von der\/dem Stellvertreter\/in.    \n<\/p>\n\n\n\n<p>3.3.1\nDer Vorstand der Stadtschulpflegschaft Iserlohn besteht aus dem\/der\nVorsitzenden und bis zu zwei Stellvertretern\/innen. \n<\/p>\n\n\n\n<p>3.3.2\nDer\/die Vorsitzende vertritt die Stadtschulpflegschaft nach au\u00dfen, \ninsbesondere gegen\u00fcber dem Rat und der Verwaltung der Stadt\nIserlohn. Er\/Sie nimmt an den Sitzungen des Schulausschusses als\nberatendes Mitglied teil. Er\/Sie wird ggf. durch den\/die\nStellvertreter\/in mit gleichem Recht vertreten. \n<\/p>\n\n\n\n<p>3.3.3\nDer Vorstand wird von der Mitgliederversammlung\nin geheimer Wahl f\u00fcr die Dauer von einem Schuljahr gew\u00e4hlt. W\u00e4hlbar\nist, wer ein Kind an einer Schule im Iserlohner Stadtgebiet\nangemeldet hat. Sofern Einigkeit besteht, kann die Wahl auch offen\nstattfinden. Eine Wiederwahl ist m\u00f6glich. Gew\u00e4hlt ist, wer die\nmeisten Stimmen erhalten hat. Bei Stimmengleichheit entscheidet eine\nStichwahl und bei erneuter Stimmengleichheit das Los. \n<\/p>\n\n\n\n<p>3.3.4\nDas Amt eines Mitglieds des Vorstandes der Stadtschulpflegschaft\nendet vorzeitig, wenn das Vorstandsmitglied sein Amt niederlegt oder\ndurch Beschluss von mehr als der H\u00e4lfte der stimmberechtigten\nMitglieder der Stadtschulpflegschaft abgew\u00e4hlt wird. In diesem Fall\nist eine Stadtschulpflegschaftsversammlung innerhalb von sechs Wochen\neinzuberufen, in der eine Neuwahl des ausgeschiedenen\nVorstandsmitglieds stattfindet.<\/p>\n\n\n\n<p>\u00a7\n4 &#8211; Gesch\u00e4ftsordnung<\/p>\n\n\n\n<p>4.1.\nIm Laufe eines Schuljahrs finden mindestens zwei Sitzungen der\nMitgliederversammlung statt.\nSie ist au\u00dferdem einzuberufen, wenn wenigstens ein F\u00fcnftel der\nMitglieder es verlangt.<\/p>\n\n\n\n<p>4.2\nDie Einladungen zur Mitgliederversammlung\nwerden mindestens 14 Tage vor dem Termin unter Beif\u00fcgung der\nerforderlichen Unterlagen versendet. Erg\u00e4nzungsantr\u00e4ge zur\nTagesordnung sind sp\u00e4testens zu Beginn der Versammlung mitzuteilen,\n\u00fcber ihre Annahme in die Tagesordnung ist abzustimmen. \n<\/p>\n\n\n\n<p>4.3.\nDie Sitzungen werden von der\/dem Vorsitzenden oder im Falle\nihrer\/seiner Verhinderung von einer\/einem Stellvertreter\/in geleitet.<\/p>\n\n\n\n<p>4.4\nDie ordnungsgem\u00e4\u00df einberufene Versammlung ist beschlussf\u00e4hig, wenn\nein Drittel der Mitglieder anwesend ist. Sollte die Versammlung nicht\nbeschlussf\u00e4hig sein, k\u00f6nnen die anwesenden Mitglieder mit relativer\nMehrheit beschlie\u00dfen, dass die\/der Vorsitzende mit gleicher\nTagesordnung unverz\u00fcglich eine weitere Sitzung direkt im Anschluss\neinberuft, die ohne R\u00fccksicht auf Form und Fristen und die Zahl der\nerschienenen Mitglieder beschlussf\u00e4hig ist. Erg\u00e4nzungsantr\u00e4ge zur\nTagesordnung sind in diesem Falle nicht m\u00f6glich.<\/p>\n\n\n\n<p>4.5\nJede Sitzung wird  in schriftlicher Form protokolliert. Die\nNiederschrift muss mindestens die Anzahl der Sitzungsteilnehmer und\nden Wortlaut der gefassten Beschl\u00fcsse umfassen und ist von dem\/der\nProtokollf\u00fchrer\/in oder dem\/der Sitzungsleiter\/in zu unterzeichnen.\nDas Protokoll wird an alle Delegierten versendet.<br><br>4.6. Der\ngew\u00e4hlte Vorstand der Stadtschulpflegschaft Iserlohn ist dem\nSchuldezernenten der Stadt Iserlohn namentlich mitzuteilen.<br><br>\u00a7\n5 &#8211; Inkrafttreten<br><br>Diese Satzung tritt am 07.11.2019 in Kraft.<\/p>\n","protected":false},"excerpt":{"rendered":"<p>\u00a7 1 \u2013 Name und Sitz 1.1 Die Stadtschulpflegschaft Iserlohn ist der Zusammenschluss der Elternvertretungen der Schulen im Stadtgebiet Iserlohn. 1.2 Die Stadtschulpflegschaft Iserlohn hat ihren Sitz in Iserlohn. Ihre &#8230;<\/p>\n","protected":false},"author":1,"featured_media":67,"parent":0,"menu_order":0,"comment_status":"closed","ping_status":"closed","template":"template-fullwidth.php","meta":{"footnotes":""},"class_list":["post-60","page","type-page","status-publish","has-post-thumbnail","hentry"],"_links":{"self":[{"href":"https:\/\/www.stadtschulpflegschaft-iserlohn.de\/index.php?rest_route=\/wp\/v2\/pages\/60","targetHints":{"allow":["GET"]}}],"collection":[{"href":"https:\/\/www.stadtschulpflegschaft-iserlohn.de\/index.php?rest_route=\/wp\/v2\/pages"}],"about":[{"href":"https:\/\/www.stadtschulpflegschaft-iserlohn.de\/index.php?rest_route=\/wp\/v2\/types\/page"}],"author":[{"embeddable":true,"href":"https:\/\/www.stadtschulpflegschaft-iserlohn.de\/index.php?rest_route=\/wp\/v2\/users\/1"}],"replies":[{"embeddable":true,"href":"https:\/\/www.stadtschulpflegschaft-iserlohn.de\/index.php?rest_route=%2Fwp%2Fv2%2Fcomments&post=60"}],"version-history":[{"count":2,"href":"https:\/\/www.stadtschulpflegschaft-iserlohn.de\/index.php?rest_route=\/wp\/v2\/pages\/60\/revisions"}],"predecessor-version":[{"id":144,"href":"https:\/\/www.stadtschulpflegschaft-iserlohn.de\/index.php?rest_route=\/wp\/v2\/pages\/60\/revisions\/144"}],"wp:featuredmedia":[{"embeddable":true,"href":"https:\/\/www.stadtschulpflegschaft-iserlohn.de\/index.php?rest_route=\/wp\/v2\/media\/67"}],"wp:attachment":[{"href":"https:\/\/www.stadtschulpflegschaft-iserlohn.de\/index.php?rest_route=%2Fwp%2Fv2%2Fmedia&parent=60"}],"curies":[{"name":"wp","href":"https:\/\/api.w.org\/{rel}","templated":true}]}}