{"id":53,"date":"2020-01-10T10:58:26","date_gmt":"2020-01-10T10:58:26","guid":{"rendered":"http:\/\/m.stadtschulpflegschaft-iserlohn.de\/?page_id=53"},"modified":"2025-11-05T19:14:19","modified_gmt":"2025-11-05T19:14:19","slug":"vorstand","status":"publish","type":"page","link":"https:\/\/www.stadtschulpflegschaft-iserlohn.de\/?page_id=53","title":{"rendered":"Vorstand"},"content":{"rendered":"\n<h2 class=\"wp-block-heading\">Der Vorstand des SSPI<\/h2>\n\n\n\n<h4 class=\"wp-block-heading\">Der Vorstand der Stadtschulpflegschaft Iserlohn (SSPI) besteht aktuell aus dem Vorsitzenden Jan Aurand und Frau Tasdemir und Frau Hemmert als Stellvertreterinnen.<br><br>Der Vorsitzende und\/oder die erste Stellvertreterin sind in Iserlohn nicht stimmberechtigte Mitglieder des Schulausschusses (SchulA) und vertreten in diesem Gremium die Sicht der Eltern, Sch\u00fclerinnen und Sch\u00fcler. Wichtig dabei ist die Beachtung unserer Grunds\u00e4tze.<br><br>Den kompletten Vorstand erreichen Sie unter <a href=\"mailto:vorstand@stadtschulpflegschaft-iserlohn.de\" target=\"_blank\" rel=\"noreferrer noopener\">vorstand (at) stadtschulpflegschaft-iserlohn.de<\/a>.<\/h4>\n\n\n\n<div class=\"wp-block-button\"><a class=\"wp-block-button__link wp-element-button\" href=\"mailto: vorstand@stadtschulpflegschaft-iserlohn.der\">e-Mail<\/a><\/div>\n","protected":false},"excerpt":{"rendered":"<p>Der Vorstand des SSPI Der Vorstand der Stadtschulpflegschaft Iserlohn (SSPI) besteht aktuell aus dem Vorsitzenden Jan Aurand und Frau Tasdemir und Frau Hemmert als Stellvertreterinnen. Der Vorsitzende und\/oder die erste &#8230;<\/p>\n","protected":false},"author":1,"featured_media":67,"parent":0,"menu_order":0,"comment_status":"closed","ping_status":"closed","template":"template-fullwidth.php","meta":{"footnotes":""},"class_list":["post-53","page","type-page","status-publish","has-post-thumbnail","hentry"],"_links":{"self":[{"href":"https:\/\/www.stadtschulpflegschaft-iserlohn.de\/index.php?rest_route=\/wp\/v2\/pages\/53","targetHints":{"allow":["GET"]}}],"collection":[{"href":"https:\/\/www.stadtschulpflegschaft-iserlohn.de\/index.php?rest_route=\/wp\/v2\/pages"}],"about":[{"href":"https:\/\/www.stadtschulpflegschaft-iserlohn.de\/index.php?rest_route=\/wp\/v2\/types\/page"}],"author":[{"embeddable":true,"href":"https:\/\/www.stadtschulpflegschaft-iserlohn.de\/index.php?rest_route=\/wp\/v2\/users\/1"}],"replies":[{"embeddable":true,"href":"https:\/\/www.stadtschulpflegschaft-iserlohn.de\/index.php?rest_route=%2Fwp%2Fv2%2Fcomments&post=53"}],"version-history":[{"count":14,"href":"https:\/\/www.stadtschulpflegschaft-iserlohn.de\/index.php?rest_route=\/wp\/v2\/pages\/53\/revisions"}],"predecessor-version":[{"id":312,"href":"https:\/\/www.stadtschulpflegschaft-iserlohn.de\/index.php?rest_route=\/wp\/v2\/pages\/53\/revisions\/312"}],"wp:featuredmedia":[{"embeddable":true,"href":"https:\/\/www.stadtschulpflegschaft-iserlohn.de\/index.php?rest_route=\/wp\/v2\/media\/67"}],"wp:attachment":[{"href":"https:\/\/www.stadtschulpflegschaft-iserlohn.de\/index.php?rest_route=%2Fwp%2Fv2%2Fmedia&parent=53"}],"curies":[{"name":"wp","href":"https:\/\/api.w.org\/{rel}","templated":true}]}}