{"id":2,"date":"2016-05-10T03:48:21","date_gmt":"2016-05-10T03:48:21","guid":{"rendered":"http:\/\/m.stadtschulpflegschaft-iserlohn.de\/?page_id=2"},"modified":"2024-01-13T10:04:02","modified_gmt":"2024-01-13T10:04:02","slug":"sample-page","status":"publish","type":"page","link":"https:\/\/www.stadtschulpflegschaft-iserlohn.de\/?page_id=2","title":{"rendered":"\u00dcber uns"},"content":{"rendered":"\n<h2 class=\"wp-block-heading\">Die Stadtschulpflegschaft Iserlohn <\/h2>\n\n\n\n<p>Die <strong>Stadtschulpflegschaft <\/strong>ist die in Nordrhein-Westfalen  gebr\u00e4uchliche Bezeichnung f\u00fcr eine <strong>Elternvertretung auf kommunaler Ebene. <\/strong> <br><br>Es handelt sich jeweils um Formen der  \u00fcberschulischen Elternmitwirkung &#8211; also insbesondere die Vertretung der  Elternbelange gegen\u00fcber dem kommunalen Schultr\u00e4ger &#8211; , bei der die  Elternvertretungen der einzelnen Schulen (Schulpflegschaften) auf \u00f6rtlicher oder \u00fcber\u00f6rtlicher Ebene zusammenarbeiten.<br><br>Im <a href=\"https:\/\/de.wikipedia.org\/wiki\/Schulgesetz_f%C3%BCr_das_Land_Nordrhein-Westfalen\" target=\"_blank\" rel=\"noreferrer noopener\">Schulgesetz f\u00fcr das Land Nordrhein-Westfalen<\/a> ist eine besondere Rechtsgrundlage f\u00fcr diese Zusammenarbeit geschaffen worden (\u00a7 72 Abs. 4).<\/p>\n\n\n\n<h2 class=\"wp-block-heading\">Aufbau, Ziele und Aufgaben<\/h2>\n\n\n\n<p><\/p>\n\n\n\n<p>Die Stadtschulpflegschaft Iserlohn vertritt die Interessen der Eltern und Erziehungsberechtigten f\u00fcr die Kinder und Jugendlichen in den Iserlohner Schulen gegen\u00fcber dem Schultr\u00e4ger und den Verantwortlichen f\u00fcr Bildung in Politik und Verwaltung.<br><br>Die Stadtschulpflegschaft Iserlohn ist weltanschaulich neutral, politisch unabh\u00e4ngig und konfessionell nicht gebunden. Sie ist selbstlos t\u00e4tig und verfolgt keine eigenwirtschaftlichen Zwecke.<\/p>\n\n\n\n<p>Die Organe der Stadtschulpflegschaft Iserlohn sind die <strong>Mitgliederversammlung<\/strong> und der <strong>Vorstand<\/strong>.<\/p>\n\n\n\n<p>Die <strong>Mitgliederversammlung<\/strong> der Stadtschulpflegschaft Iserlohn ber\u00e4t und beschlie\u00dft \u00fcber alle Angelegenheiten, die ihr vom Vorstand oder aus ihrer Mitte vorgelegt werden. Stimmberechtigte Mitglieder (\u201eDelegierte\u201c) sind Vertreterinnen\/Vertreter der  Schulen in der Stadt Iserlohn, die per Beschluss der Schulpflegschaft dazu legitimiert wurden; jede Schule hat in der Versammlung eine Stimme. Delegierte k\u00f6nnen sowohl Mitglied der Schulpflegschaft sein als auch interessierter Elternteil,<br>auch wenn sie nicht in der jeweiligen Schulpflegschaft aktiv sind. (N\u00e4heres regelt die Satzung.)<\/p>\n\n\n\n<p>Der <strong>Vorstand<\/strong> der Stadtschulpflegschaft Iserlohn besteht aus dem\/der Vorsitzenden und bis zu zwei Stellvertretern\/innen. Der\/die Vorsitzende vertritt die Stadtschulpflegschaft nach au\u00dfen, insbesondere gegen\u00fcber dem Rat und der Verwaltung der Stadt Iserlohn. Er\/Sie hat einen Sitz im Schulausschuss und nimmt an den Sitzungen des Schulausschusses als beratendes Mitglied teil. F\u00fcr den Vorstand w\u00e4hlbar ist, wer ein Kind an einer Schule im Iserlohner Stadtgebiet angemeldet hat.<\/p>\n\n\n\n<p>Die Aufgaben der  Stadtschulpflegschaft ergeben sich aus dem verfassungsrechtlich garantierten Recht der Eltern und Erziehungsberechtigten, an der Gestaltung des Schulwesens mitzuwirken. Die Stadtschulpflegschaft Iserlohn vertritt in diesem Sinne die Interessen und Belange der einzelnen Schulpflegschaften und bietet zu diesem Zweck ein vielf\u00e4ltiges Forum zum Informationsaustausch zwischen den einzelnen Schulpflegschaften \u00fcber die regelm\u00e4\u00dfig stattfindenden Versammlungen, Infobl\u00e4tter, Veranstaltungen oder Ver\u00f6ffentlichungen bis hin zu dieser Internetseite. <\/p>\n\n\n\n<h2 class=\"wp-block-heading\">Arbeitsgrundlagen<\/h2>\n\n\n\n<p>Da die Stadtschulpflegschaft Iserlohn die Interessen m\u00f6glichst vieler Eltern vertreten m\u00f6chte, legen wir gro\u00dfen Wert auf ein kooperatives Miteinander und Transparenz. Daher orientieren wir uns an folgenden Grunds\u00e4tzen: <\/p>\n\n\n\n<ul class=\"wp-block-list\">\n<li>Alle Schulformen werden gleichberechtigt vertreten<\/li>\n\n\n\n<li>Partikularinteressen haben hinter allg. Interessen zur\u00fcckzustehen<\/li>\n\n\n\n<li>Ziel ist Ausbau der Qualit\u00e4t des Bildungsangebotes und der Unterrichtsqualit\u00e4t f\u00fcr alle Kinder, Jugendlichen und Heranwachsenden<\/li>\n\n\n\n<li>Hohes Ma\u00df an Transparenz und Partizipationsm\u00f6glichkeiten &#8211; daher werden auch die Protokolle unserer Sitzungen ver\u00f6ffentlicht<\/li>\n\n\n\n<li>Vorurteilsfreie, unabh\u00e4ngige und umfassende Information der Elternschaft und der Sch\u00fclerInnen in allen Schulformen<\/li>\n\n\n\n<li>Umfassende Information und Aufkl\u00e4rung \u00fcber Bildungskonzepte zum Beispiel in den Bereichen: individuelle F\u00f6rderung, Inklusion, eigenverantwortliches Lernen, F\u00f6rderung von Kindern mit Migrationshintergrund<\/li>\n<\/ul>\n\n\n\n<p class=\"has-text-align-center\"><strong>Bildung lebt von Teilhabe &#8211; machen Sie mit!<\/strong><\/p>\n\n\n\n<p><em>N,B.: Diese Internetseite wurde vom ehemaligen Vorstandsmitglied Michael Joithe eingerichtet und wird der Stadtschulpflegschaft seitdem kostenlos zur Verf\u00fcgung gestellt. Wir bedanken uns ausdr\u00fccklich f\u00fcr die Unterst\u00fctzung, eine weitergehende Verbindung besteht indes nicht; die Vorstandsmitglieder der Stadtschulpflegschaft Iserlohn  handeln im Amt immer parteilos bzw. \u00fcberparteilich.<\/em><br><\/p>\n","protected":false},"excerpt":{"rendered":"<p>Die Stadtschulpflegschaft Iserlohn Die Stadtschulpflegschaft ist die in Nordrhein-Westfalen gebr\u00e4uchliche Bezeichnung f\u00fcr eine Elternvertretung auf kommunaler Ebene. Es handelt sich jeweils um Formen der \u00fcberschulischen Elternmitwirkung &#8211; also insbesondere die &#8230;<\/p>\n","protected":false},"author":1,"featured_media":67,"parent":0,"menu_order":0,"comment_status":"closed","ping_status":"open","template":"template-fullwidth.php","meta":{"footnotes":""},"class_list":["post-2","page","type-page","status-publish","has-post-thumbnail","hentry"],"_links":{"self":[{"href":"https:\/\/www.stadtschulpflegschaft-iserlohn.de\/index.php?rest_route=\/wp\/v2\/pages\/2","targetHints":{"allow":["GET"]}}],"collection":[{"href":"https:\/\/www.stadtschulpflegschaft-iserlohn.de\/index.php?rest_route=\/wp\/v2\/pages"}],"about":[{"href":"https:\/\/www.stadtschulpflegschaft-iserlohn.de\/index.php?rest_route=\/wp\/v2\/types\/page"}],"author":[{"embeddable":true,"href":"https:\/\/www.stadtschulpflegschaft-iserlohn.de\/index.php?rest_route=\/wp\/v2\/users\/1"}],"replies":[{"embeddable":true,"href":"https:\/\/www.stadtschulpflegschaft-iserlohn.de\/index.php?rest_route=%2Fwp%2Fv2%2Fcomments&post=2"}],"version-history":[{"count":10,"href":"https:\/\/www.stadtschulpflegschaft-iserlohn.de\/index.php?rest_route=\/wp\/v2\/pages\/2\/revisions"}],"predecessor-version":[{"id":203,"href":"https:\/\/www.stadtschulpflegschaft-iserlohn.de\/index.php?rest_route=\/wp\/v2\/pages\/2\/revisions\/203"}],"wp:featuredmedia":[{"embeddable":true,"href":"https:\/\/www.stadtschulpflegschaft-iserlohn.de\/index.php?rest_route=\/wp\/v2\/media\/67"}],"wp:attachment":[{"href":"https:\/\/www.stadtschulpflegschaft-iserlohn.de\/index.php?rest_route=%2Fwp%2Fv2%2Fmedia&parent=2"}],"curies":[{"name":"wp","href":"https:\/\/api.w.org\/{rel}","templated":true}]}}