{"id":109,"date":"2020-01-10T13:06:17","date_gmt":"2020-01-10T13:06:17","guid":{"rendered":"http:\/\/m.stadtschulpflegschaft-iserlohn.de\/?page_id=109"},"modified":"2020-01-10T23:11:07","modified_gmt":"2020-01-10T23:11:07","slug":"impressum","status":"publish","type":"page","link":"https:\/\/www.stadtschulpflegschaft-iserlohn.de\/?page_id=109","title":{"rendered":"Impressum"},"content":{"rendered":"\n<h2 class=\"wp-block-heading\">Verantwortlich f\u00fcr diese Seiten<\/h2>\n\n\n\n<p>V.i.S.d.P.<br><br>Verantwortlich f\u00fcr den Inhalt dieser Internetseite ist der Vorstand der <strong>Stadtschulpflegschaft der Stadt Iserlohn.<br><br><\/strong>Die Stadtschulpflegschaft ist eine offizielle Institution zur Repr\u00e4sentanz der Eltern aller Iserlohner Schulen.<\/p>\n\n\n\n<h3 class=\"wp-block-heading\">KONTAKT<\/h3>\n\n\n\n<p>Sie erreichen den Vorstand per e-Mail \u00fcber:<\/p>\n\n\n\n<div class=\"wp-block-button\"><a class=\"wp-block-button__link\" href=\"mailto:vorstand@stadtschulpflegschaft-iserlohn.de\">e-Mail<\/a><\/div>\n\n\n\n<p> <br><br>Ihr Ansprechpartner f\u00fcr alle technischen Belange dieses Internetauftrittes:<\/p>\n\n\n\n<p>Michael Joithe<br>c\/o Industriereifen Mirgeler GmbH<br>Langer Brauck 19<br>58640 Iserlohn<\/p>\n\n\n\n<p>Tel: +49 (0) 23 71 \/ 78 50 11<br>Fax: +49 (0) 23 74 \/ 10 6 51<\/p>\n\n\n\n<p>E-Mail: <a href=\"mailto:michael.joithe@stadtschulpflegschaft-iserlohn.de\" target=\"_blank\" rel=\"noreferrer noopener\">michael.joithe[at]stadtschulpflegschaft-iserlohn.de<\/a><\/p>\n\n\n\n<p>Disclaimer<br>Wir\n bem\u00fchen uns, auf dieser Website richtige und vollst\u00e4ndige Informationen\n zur Verf\u00fcgung zu stellen. Wir k\u00f6nnen jedoch keine Gew\u00e4hrleistung, \nGarantie oder Haftung f\u00fcr Richtigkeit, Vollst\u00e4ndigkeit und Aktualit\u00e4t \nder auf dieser Website bereitgestellten Informationen \u00fcbernehmen. Wir \nhaften nicht f\u00fcr direkte oder indirekte Sch\u00e4den, einschlie\u00dflich \nentgangenen Gewinns, die durch Informationen entstehen, die auf dieser \nWebsite bereitgehalten werden. Im Falle von vorhandenen Hyperlinks oder \nSuchmaschinen auf der Website sind wir f\u00fcr den Inhalt einer Seite, die \nmit einem solchen Link oder per Suchmaschine erreicht werden, nicht \nverantwortlich. Wir behalten uns das Recht vor, jederzeit \u00c4nderungen, \nErg\u00e4nzungen oder Streichungen auf unserer Website vorzunehmen.\n\n<\/p>\n","protected":false},"excerpt":{"rendered":"<p>Verantwortlich f\u00fcr diese Seiten V.i.S.d.P. Verantwortlich f\u00fcr den Inhalt dieser Internetseite ist der Vorstand der Stadtschulpflegschaft der Stadt Iserlohn. Die Stadtschulpflegschaft ist eine offizielle Institution zur Repr\u00e4sentanz der Eltern aller &#8230;<\/p>\n","protected":false},"author":1,"featured_media":67,"parent":2,"menu_order":0,"comment_status":"closed","ping_status":"closed","template":"template-fullwidth.php","meta":{"footnotes":""},"class_list":["post-109","page","type-page","status-publish","has-post-thumbnail","hentry"],"_links":{"self":[{"href":"https:\/\/www.stadtschulpflegschaft-iserlohn.de\/index.php?rest_route=\/wp\/v2\/pages\/109","targetHints":{"allow":["GET"]}}],"collection":[{"href":"https:\/\/www.stadtschulpflegschaft-iserlohn.de\/index.php?rest_route=\/wp\/v2\/pages"}],"about":[{"href":"https:\/\/www.stadtschulpflegschaft-iserlohn.de\/index.php?rest_route=\/wp\/v2\/types\/page"}],"author":[{"embeddable":true,"href":"https:\/\/www.stadtschulpflegschaft-iserlohn.de\/index.php?rest_route=\/wp\/v2\/users\/1"}],"replies":[{"embeddable":true,"href":"https:\/\/www.stadtschulpflegschaft-iserlohn.de\/index.php?rest_route=%2Fwp%2Fv2%2Fcomments&post=109"}],"version-history":[{"count":2,"href":"https:\/\/www.stadtschulpflegschaft-iserlohn.de\/index.php?rest_route=\/wp\/v2\/pages\/109\/revisions"}],"predecessor-version":[{"id":131,"href":"https:\/\/www.stadtschulpflegschaft-iserlohn.de\/index.php?rest_route=\/wp\/v2\/pages\/109\/revisions\/131"}],"up":[{"embeddable":true,"href":"https:\/\/www.stadtschulpflegschaft-iserlohn.de\/index.php?rest_route=\/wp\/v2\/pages\/2"}],"wp:featuredmedia":[{"embeddable":true,"href":"https:\/\/www.stadtschulpflegschaft-iserlohn.de\/index.php?rest_route=\/wp\/v2\/media\/67"}],"wp:attachment":[{"href":"https:\/\/www.stadtschulpflegschaft-iserlohn.de\/index.php?rest_route=%2Fwp%2Fv2%2Fmedia&parent=109"}],"curies":[{"name":"wp","href":"https:\/\/api.w.org\/{rel}","templated":true}]}}